{"id":437,"date":"2018-05-06T19:27:05","date_gmt":"2018-05-06T17:27:05","guid":{"rendered":"http:\/\/500treffen.de\/?page_id=437"},"modified":"2018-05-06T22:11:14","modified_gmt":"2018-05-06T20:11:14","slug":"datenschutzerklaerung","status":"publish","type":"page","link":"https:\/\/500treffen.de\/?page_id=437","title":{"rendered":"Datenschutzerkl\u00e4rung"},"content":{"rendered":"<p><b>1. Datenschutz auf einen Blick<\/b><\/p>\n<p><i>Allgemeine Hinweise<\/i><br \/>\nDie folgenden Hinweise geben einen einfachen \u00dcberblick dar\u00fcber, was mit deinen personenbezogenen Daten passiert, wenn du unsere Website besuchst. Personenbezogene Daten sind alle Daten, mit denen du pers\u00f6nlich identifiziert werden kannst. Ausf\u00fchrliche Informationen zum Thema Datenschutz entnehme bitte unserer unter diesem Text aufgef\u00fchrten Datenschutzerkl\u00e4rung.<\/p>\n<p><i>Datenerfassung auf unserer Website<\/i><br \/>\nWer ist verantwortlich f\u00fcr die Datenerfassung auf dieser Website?<br \/>\nDie Datenverarbeitung auf dieser Website erfolgt durch den Websitebetreiber. Dessen Kontaktdaten kannst du dem Impressum dieser Website entnehmen.<\/p>\n<p><i>Wie erfassen wir deine Daten?<\/i><br \/>\nDeine Daten werden\u00a0automatisch beim Besuch der Website durch unsere IT-Systeme erfasst. Das sind vor allem technische Daten (z.B. Internetbrowser, Betriebssystem oder Uhrzeit des Seitenaufrufs). Die Erfassung dieser Daten erfolgt automatisch, sobald du unsere Website betrittst.<\/p>\n<p><i>Wof\u00fcr nutzen wir deine Daten?<\/i><br \/>\nDie Daten werden erhoben, um eine fehlerfreie Bereitstellung der Website zu gew\u00e4hrleisten.<\/p>\n<p><i>Welche Rechte hast du bez\u00fcglich deiner Daten?<\/i><br \/>\nDu hast jederzeit das Recht unentgeltlich Auskunft \u00fcber Herkunft, Empf\u00e4nger und Zweck deiner gespeicherten personenbezogenen Daten zu erhalten. Du hast au\u00dferdem ein Recht, die Berichtigung, Sperrung oder L\u00f6schung dieser Daten zu verlangen. Hierzu sowie zu weiteren Fragen zum Thema Datenschutz kannst du dich jederzeit unter der im Impressum angegebenen Adresse an uns wenden. Des Weiteren steht dir ein Beschwerderecht bei der zust\u00e4ndigen Aufsichtsbeh\u00f6rde zu.<\/p>\n<p><b>2. Allgemeine Hinweise und Pflichtinformationen<\/b><\/p>\n<p><i>Datenschutz<\/i><br \/>\nDie Betreiber dieser Seiten nehmen den Schutz deiner pers\u00f6nlichen Daten sehr ernst. Wir behandeln deine personenbezogenen Daten vertraulich und entsprechend der gesetzlichen Datenschutzvorschriften sowie dieser Datenschutzerkl\u00e4rung.<br \/>\nWenn du diese Website benutzt, werden verschiedene personenbezogene Daten erhoben. Personenbezogene Daten sind Daten, mit denen du pers\u00f6nlich identifiziert werden kannst. Die vorliegende Datenschutzerkl\u00e4rung erl\u00e4utert, welche Daten wir erheben und wof\u00fcr wir sie nutzen. Sie erl\u00e4utert auch, wie und zu welchem Zweck das geschieht. Wir weisen darauf hin, dass die Daten\u00fcbertragung im Internet (z.B. bei der Kommunikation per E-Mail) Sicherheitsl\u00fccken aufweisen kann. Ein l\u00fcckenloser Schutz der Daten vor dem Zugriff durch Dritte ist nicht m\u00f6glich.<\/p>\n<p><i>Hinweis zur verantwortlichen Stelle<\/i><br \/>\nDie verantwortliche Stelle f\u00fcr die Datenverarbeitung auf dieser Website ist:<br \/>\n<i>Fiat 500-Forum e.V.<br \/>\nBraunlager Str. 8<br \/>\n28844 Weyhe<br \/>\nTelefon: 042033951<br \/>\nE-Mail: vorstand@500forum.de<br \/>\n<\/i>Verantwortliche Stelle ist die nat\u00fcrliche oder juristische Person, die allein oder gemeinsam mit anderen \u00fcber die Zwecke und Mittel der Verarbeitung von personenbezogenen Daten (z.B. Namen, E-Mail-Adressen o. \u00c4.) entscheidet.<\/p>\n<p><i>Widerruf deiner Einwilligung zur Datenverarbeitung<\/i><br \/>\nViele Datenverarbeitungsvorg\u00e4nge sind nur mit deiner ausdr\u00fccklichen Einwilligung m\u00f6glich. Du kannst eine bereits erteilte Einwilligung jederzeit widerrufen. Dazu reicht eine formlose Mitteilung per E-Mail an uns. Die Rechtm\u00e4\u00dfigkeit der bis zum Widerruf erfolgten Datenverarbeitung bleibt vom Widerruf unber\u00fchrt.<\/p>\n<p><i>Beschwerderecht bei der zust\u00e4ndigen Aufsichtsbeh\u00f6rde<\/i><br \/>\nIm Falle datenschutzrechtlicher Verst\u00f6\u00dfe steht dem Betroffenen ein Beschwerderecht bei der zust\u00e4ndigen Aufsichtsbeh\u00f6rde zu. Zust\u00e4ndige Aufsichtsbeh\u00f6rde in datenschutzrechtlichen Fragen ist der Landesdatenschutzbeauftragte des Bundeslandes, in dem unser Verein seinen Sitz hat. Eine Liste der Datenschutzbeauftragten sowie deren Kontaktdaten k\u00f6nnen folgendem Link entnommen werden:<br \/>\n<a href=\"https:\/\/www.bfdi.bund.de\/DE\/Infothek\/Anschriften_Links\/anschriften_links-node.html\">https:\/\/www.bfdi.bund.de\/DE\/Infothek\/Anschriften_Links\/anschriften_links-node.html<\/a>.<\/p>\n<p><i>Recht auf Daten\u00fcbertragbarkeit<\/i><br \/>\nDu hast das Recht, Daten, die wir auf Grundlage deiner Einwilligung oder in Erf\u00fcllung eines Vertrags automatisiert verarbeiten, an sich oder an einen Dritten in einem g\u00e4ngigen, maschinenlesbaren Format aush\u00e4ndigen zu lassen. Sofern du die direkte \u00dcbertragung der Daten an einen anderen Verantwortlichen verlangst, erfolgt dies nur, soweit es technisch machbar ist.<\/p>\n<p><i>Auskunft, Sperrung, L\u00f6schung<\/i><br \/>\nDu hast im Rahmen der geltenden gesetzlichen Bestimmungen jederzeit das Recht auf unentgeltliche Auskunft \u00fcber deine gespeicherten personenbezogenen Daten, deren Herkunft und Empf\u00e4nger und den Zweck der Datenverarbeitung und ggf. ein Recht auf Berichtigung, Sperrung oder L\u00f6schung dieser Daten. Hierzu sowie zu weiteren Fragen zum Thema personenbezogene Daten kannst du dich jederzeit unter der im Impressum angegebenen Adresse an uns wenden.<\/p>\n<p><i>Widerspruch gegen Werbe-Mails<\/i><br \/>\nDer Nutzung von im Rahmen der Impressumspflicht ver\u00f6ffentlichten Kontaktdaten zur \u00dcbersendung von nicht ausdr\u00fccklich angeforderter Werbung und Informationsmaterialien wird hiermit widersprochen. Die Betreiber der Seiten behalten sich ausdr\u00fccklich rechtliche Schritte im Falle der unverlangten Zusendung von Werbeinformationen, etwa durch Spam-E-Mails, vor.<\/p>\n<p><b>3. Datenerfassung auf unserer Website<\/b><\/p>\n<p><i>Speicherung von IP-Adressen<\/i><br \/>\nWenn du unsere Seiten aufrufst wird deine IP-Adresse gespeichert. Die IP-Adresse wird ausschlie\u00dflich verwendet um strafbare Handlungen verfolgen zu k\u00f6nnen.<\/p>\n<p><i>Cookies<\/i><br \/>\nDie Internetseiten verwenden teilweise so genannte Cookies. Cookies richten auf deinem Rechner keinen Schaden an und enthalten keine Viren. Cookies dienen dazu, unser Angebot nutzerfreundlicher, effektiver und sicherer zu machen. Cookies sind kleine Textdateien, die auf deinem Rechner abgelegt werden und die dein Browser speichert.<br \/>\nDu kannst deinen Browser so einstellen, dass du \u00fcber das Setzen von Cookies informiert wirst und Cookies nur im Einzelfall erlauben, die Annahme von Cookies f\u00fcr bestimmte F\u00e4lle oder generell ausschlie\u00dfen sowie das automatische L\u00f6schen der Cookies beim Schlie\u00dfen des Browser aktivieren. Bei der Deaktivierung von Cookies kann die Funktionalit\u00e4t dieser Website eingeschr\u00e4nkt sein.<br \/>\nCookies zur Analyse deines Surfverhaltens werden nicht gespeichert.<\/p>\n<p><i>Server-Log-Dateien<\/i><br \/>\nDer Provider der Seiten erhebt und speichert automatisch Informationen in so genannten Server-Log-Dateien, die dein Browser automatisch an uns \u00fcbermittelt. Dies sind:<br \/>\n&#8211; Browsertyp und Browserversion<br \/>\n&#8211; verwendetes Betriebssystem<br \/>\n&#8211; Referrer URL<br \/>\n&#8211; Hostname des zugreifenden Rechners<br \/>\n&#8211; Uhrzeit der Serveranfrage<br \/>\n&#8211; IP-Adresse<\/p>\n<p>Eine Zusammenf\u00fchrung dieser Daten mit anderen Datenquellen wird nicht vorgenommen.<\/p>\n<p>Grundlage f\u00fcr die Datenverarbeitung ist Art. 6 Abs. 1 lit. b DSGVO, der die Verarbeitung von Daten zur Erf\u00fcllung eines Vertrags oder vorvertraglicher Ma\u00dfnahmen gestattet.<\/p>\n","protected":false},"excerpt":{"rendered":"<p>1. Datenschutz auf einen Blick Allgemeine Hinweise Die folgenden Hinweise geben einen einfachen \u00dcberblick dar\u00fcber, was mit deinen personenbezogenen Daten passiert, wenn du unsere Website<\/p>\n","protected":false},"author":1,"featured_media":0,"parent":0,"menu_order":99,"comment_status":"closed","ping_status":"closed","template":"","meta":{"footnotes":""},"class_list":["post-437","page","type-page","status-publish","hentry"],"_links":{"self":[{"href":"https:\/\/500treffen.de\/index.php?rest_route=\/wp\/v2\/pages\/437","targetHints":{"allow":["GET"]}}],"collection":[{"href":"https:\/\/500treffen.de\/index.php?rest_route=\/wp\/v2\/pages"}],"about":[{"href":"https:\/\/500treffen.de\/index.php?rest_route=\/wp\/v2\/types\/page"}],"author":[{"embeddable":true,"href":"https:\/\/500treffen.de\/index.php?rest_route=\/wp\/v2\/users\/1"}],"replies":[{"embeddable":true,"href":"https:\/\/500treffen.de\/index.php?rest_route=%2Fwp%2Fv2%2Fcomments&post=437"}],"version-history":[{"count":2,"href":"https:\/\/500treffen.de\/index.php?rest_route=\/wp\/v2\/pages\/437\/revisions"}],"predecessor-version":[{"id":439,"href":"https:\/\/500treffen.de\/index.php?rest_route=\/wp\/v2\/pages\/437\/revisions\/439"}],"wp:attachment":[{"href":"https:\/\/500treffen.de\/index.php?rest_route=%2Fwp%2Fv2%2Fmedia&parent=437"}],"curies":[{"name":"wp","href":"https:\/\/api.w.org\/{rel}","templated":true}]}}